{"id":2739,"date":"2017-01-04T13:43:38","date_gmt":"2017-01-04T13:43:38","guid":{"rendered":"http:\/\/magontec.devoim.com\/\/?page_id=2739"},"modified":"2017-03-08T16:53:22","modified_gmt":"2017-03-08T05:53:22","slug":"primary-mag-alloy","status":"publish","type":"page","link":"http:\/\/magontec.com\/de\/primary-mag-alloy\/","title":{"rendered":"Primary Mg Alloy"},"content":{"rendered":"<h3>China produziert die meisten prim\u00e4ren Magnesium-Legierung auf den Weltm\u00e4rkten gehandelt und Magontec ist ein f\u00fchrender Exporteur von generischen und Spezialist Legierungen Guss-Kunden in Nord-und S\u00fcdamerika, Asien und Europa sterben.<\/h3>\n","protected":false},"excerpt":{"rendered":"<p>China produziert die meisten prim\u00e4ren Magnesium-Legierung auf den Weltm\u00e4rkten gehandelt und Magontec ist ein f\u00fchrender Exporteur von generischen und Spezialist Legierungen Guss-Kunden in Nord-und S\u00fcdamerika, Asien und Europa sterben.<\/p>\n","protected":false},"author":1,"featured_media":2811,"parent":0,"menu_order":98,"comment_status":"closed","ping_status":"closed","template":"product-page.php","meta":{"_acf_changed":false,"footnotes":""},"class_list":["post-2739","page","type-page","status-publish","has-post-thumbnail","hentry"],"acf":[],"yoast_head":"<!-- This site is optimized with the Yoast SEO plugin v27.4 - https:\/\/yoast.com\/product\/yoast-seo-wordpress\/ -->\n<title>Primary Mg Alloy - Magontec<\/title>\n<meta name=\"robots\" content=\"index, follow, max-snippet:-1, max-image-preview:large, max-video-preview:-1\" \/>\n<link rel=\"canonical\" href=\"https:\/\/magontec.com\/de\/primary-mag-alloy\/\" \/>\n<meta property=\"og:locale\" content=\"de_DE\" \/>\n<meta property=\"og:type\" content=\"article\" \/>\n<meta property=\"og:title\" content=\"Primary Mg Alloy - Magontec\" \/>\n<meta property=\"og:description\" content=\"China produziert die meisten prim\u00e4ren Magnesium-Legierung auf den Weltm\u00e4rkten gehandelt und Magontec ist ein f\u00fchrender Exporteur von generischen und Spezialist Legierungen Guss-Kunden in Nord-und S\u00fcdamerika, Asien und Europa sterben.\" \/>\n<meta property=\"og:url\" content=\"https:\/\/magontec.com\/de\/primary-mag-alloy\/\" \/>\n<meta property=\"og:site_name\" content=\"Magontec\" \/>\n<meta property=\"article:modified_time\" content=\"2017-03-08T05:53:22+00:00\" \/>\n<meta property=\"og:image\" content=\"https:\/\/magontec.com\/wp-content\/uploads\/2017\/01\/product-1.jpg\" \/>\n\t<meta property=\"og:image:width\" content=\"760\" \/>\n\t<meta property=\"og:image:height\" content=\"1120\" \/>\n\t<meta property=\"og:image:type\" content=\"image\/jpeg\" \/>\n<meta name=\"twitter:card\" content=\"summary_large_image\" \/>\n<script type=\"application\/ld+json\" class=\"yoast-schema-graph\">{\"@context\":\"https:\\\/\\\/schema.org\",\"@graph\":[{\"@type\":\"WebPage\",\"@id\":\"https:\\\/\\\/magontec.com\\\/de\\\/primary-mag-alloy\\\/\",\"url\":\"https:\\\/\\\/magontec.com\\\/de\\\/primary-mag-alloy\\\/\",\"name\":\"Primary Mg Alloy - Magontec\",\"isPartOf\":{\"@id\":\"https:\\\/\\\/magontec.com\\\/#website\"},\"primaryImageOfPage\":{\"@id\":\"https:\\\/\\\/magontec.com\\\/de\\\/primary-mag-alloy\\\/#primaryimage\"},\"image\":{\"@id\":\"https:\\\/\\\/magontec.com\\\/de\\\/primary-mag-alloy\\\/#primaryimage\"},\"thumbnailUrl\":\"http:\\\/\\\/magontec.com\\\/wp-content\\\/uploads\\\/2017\\\/01\\\/product-1.jpg\",\"datePublished\":\"2017-01-04T13:43:38+00:00\",\"dateModified\":\"2017-03-08T05:53:22+00:00\",\"breadcrumb\":{\"@id\":\"https:\\\/\\\/magontec.com\\\/de\\\/primary-mag-alloy\\\/#breadcrumb\"},\"inLanguage\":\"de-DE\",\"potentialAction\":[{\"@type\":\"ReadAction\",\"target\":[\"https:\\\/\\\/magontec.com\\\/de\\\/primary-mag-alloy\\\/\"]}]},{\"@type\":\"ImageObject\",\"inLanguage\":\"de-DE\",\"@id\":\"https:\\\/\\\/magontec.com\\\/de\\\/primary-mag-alloy\\\/#primaryimage\",\"url\":\"http:\\\/\\\/magontec.com\\\/wp-content\\\/uploads\\\/2017\\\/01\\\/product-1.jpg\",\"contentUrl\":\"http:\\\/\\\/magontec.com\\\/wp-content\\\/uploads\\\/2017\\\/01\\\/product-1.jpg\",\"width\":760,\"height\":1120},{\"@type\":\"BreadcrumbList\",\"@id\":\"https:\\\/\\\/magontec.com\\\/de\\\/primary-mag-alloy\\\/#breadcrumb\",\"itemListElement\":[{\"@type\":\"ListItem\",\"position\":1,\"name\":\"Home\",\"item\":\"https:\\\/\\\/magontec.com\\\/de\\\/\"},{\"@type\":\"ListItem\",\"position\":2,\"name\":\"Primary Mg Alloy\"}]},{\"@type\":\"WebSite\",\"@id\":\"https:\\\/\\\/magontec.com\\\/#website\",\"url\":\"https:\\\/\\\/magontec.com\\\/\",\"name\":\"Magontec\",\"description\":\"\",\"potentialAction\":[{\"@type\":\"SearchAction\",\"target\":{\"@type\":\"EntryPoint\",\"urlTemplate\":\"https:\\\/\\\/magontec.com\\\/?s={search_term_string}\"},\"query-input\":{\"@type\":\"PropertyValueSpecification\",\"valueRequired\":true,\"valueName\":\"search_term_string\"}}],\"inLanguage\":\"de-DE\"}]}<\/script>\n<!-- \/ Yoast SEO plugin. -->","yoast_head_json":{"title":"Primary Mg Alloy - Magontec","robots":{"index":"index","follow":"follow","max-snippet":"max-snippet:-1","max-image-preview":"max-image-preview:large","max-video-preview":"max-video-preview:-1"},"canonical":"https:\/\/magontec.com\/de\/primary-mag-alloy\/","og_locale":"de_DE","og_type":"article","og_title":"Primary Mg Alloy - Magontec","og_description":"China produziert die meisten prim\u00e4ren Magnesium-Legierung auf den Weltm\u00e4rkten gehandelt und Magontec ist ein f\u00fchrender Exporteur von generischen und Spezialist Legierungen Guss-Kunden in Nord-und S\u00fcdamerika, Asien und Europa sterben.","og_url":"https:\/\/magontec.com\/de\/primary-mag-alloy\/","og_site_name":"Magontec","article_modified_time":"2017-03-08T05:53:22+00:00","og_image":[{"width":760,"height":1120,"url":"https:\/\/magontec.com\/wp-content\/uploads\/2017\/01\/product-1.jpg","type":"image\/jpeg"}],"twitter_card":"summary_large_image","schema":{"@context":"https:\/\/schema.org","@graph":[{"@type":"WebPage","@id":"https:\/\/magontec.com\/de\/primary-mag-alloy\/","url":"https:\/\/magontec.com\/de\/primary-mag-alloy\/","name":"Primary Mg Alloy - Magontec","isPartOf":{"@id":"https:\/\/magontec.com\/#website"},"primaryImageOfPage":{"@id":"https:\/\/magontec.com\/de\/primary-mag-alloy\/#primaryimage"},"image":{"@id":"https:\/\/magontec.com\/de\/primary-mag-alloy\/#primaryimage"},"thumbnailUrl":"http:\/\/magontec.com\/wp-content\/uploads\/2017\/01\/product-1.jpg","datePublished":"2017-01-04T13:43:38+00:00","dateModified":"2017-03-08T05:53:22+00:00","breadcrumb":{"@id":"https:\/\/magontec.com\/de\/primary-mag-alloy\/#breadcrumb"},"inLanguage":"de-DE","potentialAction":[{"@type":"ReadAction","target":["https:\/\/magontec.com\/de\/primary-mag-alloy\/"]}]},{"@type":"ImageObject","inLanguage":"de-DE","@id":"https:\/\/magontec.com\/de\/primary-mag-alloy\/#primaryimage","url":"http:\/\/magontec.com\/wp-content\/uploads\/2017\/01\/product-1.jpg","contentUrl":"http:\/\/magontec.com\/wp-content\/uploads\/2017\/01\/product-1.jpg","width":760,"height":1120},{"@type":"BreadcrumbList","@id":"https:\/\/magontec.com\/de\/primary-mag-alloy\/#breadcrumb","itemListElement":[{"@type":"ListItem","position":1,"name":"Home","item":"https:\/\/magontec.com\/de\/"},{"@type":"ListItem","position":2,"name":"Primary Mg Alloy"}]},{"@type":"WebSite","@id":"https:\/\/magontec.com\/#website","url":"https:\/\/magontec.com\/","name":"Magontec","description":"","potentialAction":[{"@type":"SearchAction","target":{"@type":"EntryPoint","urlTemplate":"https:\/\/magontec.com\/?s={search_term_string}"},"query-input":{"@type":"PropertyValueSpecification","valueRequired":true,"valueName":"search_term_string"}}],"inLanguage":"de-DE"}]}},"_links":{"self":[{"href":"http:\/\/magontec.com\/de\/wp-json\/wp\/v2\/pages\/2739","targetHints":{"allow":["GET"]}}],"collection":[{"href":"http:\/\/magontec.com\/de\/wp-json\/wp\/v2\/pages"}],"about":[{"href":"http:\/\/magontec.com\/de\/wp-json\/wp\/v2\/types\/page"}],"author":[{"embeddable":true,"href":"http:\/\/magontec.com\/de\/wp-json\/wp\/v2\/users\/1"}],"replies":[{"embeddable":true,"href":"http:\/\/magontec.com\/de\/wp-json\/wp\/v2\/comments?post=2739"}],"version-history":[{"count":0,"href":"http:\/\/magontec.com\/de\/wp-json\/wp\/v2\/pages\/2739\/revisions"}],"wp:featuredmedia":[{"embeddable":true,"href":"http:\/\/magontec.com\/de\/wp-json\/wp\/v2\/media\/2811"}],"wp:attachment":[{"href":"http:\/\/magontec.com\/de\/wp-json\/wp\/v2\/media?parent=2739"}],"curies":[{"name":"wp","href":"https:\/\/api.w.org\/{rel}","templated":true}]}}