{"id":3806,"date":"2017-02-20T09:38:09","date_gmt":"2017-02-20T09:38:09","guid":{"rendered":"http:\/\/magontec.devoim.com\/case-studies\/qinghai-salt-lake-development\/"},"modified":"2017-03-24T20:38:37","modified_gmt":"2017-03-24T09:38:37","slug":"qinghai-salt-lake-development","status":"publish","type":"page","link":"http:\/\/magontec.com\/de\/case-studies\/qinghai-salt-lake-development\/","title":{"rendered":"Magontec Limited und Qinghai Salt Lake Magnesium Co. Ltd (QSLM)"},"content":{"rendered":"<h3>2013 unterzeichnen Magontec Limited und Qinghai Salt Lake Magnesium Co. Ltd (QSLM) eine Reihe gemeinsamer Vereinbarungen. Damit verpflichtet sich Magontec zum Aufbau einer neuen Gie\u00dferei und QSLM zur Bereitstellung von 56.000 Jahrestonnen (mt\/p.a.) fl\u00fcssigem Reinmagnesium.<\/h3>\n<p class=\"p1\"><span class=\"s1\">Die Vereinbarungen zwischen Magontec und QSLM beinhalten eine Betreibervereinbarung f\u00fcr die Magnesiumgie\u00dferei, den Liefer- und den Mietvertrag. Die Vereinbarungen beschreiben und definieren die operative Zusammenarbeit der beiden Unternehmen und sehen f\u00fcr Magontec einen 10 + 10 Jahresmietvertrag mit exklusiven Rechten zur Herstellung aller Legierungsarten am Standort Golmund im Werk von QSKM vor.<br \/>\n<\/span><\/p>\n<p class=\"p1\"><span class=\"s1\">\u00a0<\/span><\/p>\n<p><img loading=\"lazy\" decoding=\"async\" class=\"alignnone size-medium wp-image-4265\" src=\"http:\/\/magontec.devoim.com\/wp-content\/uploads\/2017\/02\/0528signing_ceremony-300x150.jpg\" alt=\"\" width=\"300\" height=\"150\" srcset=\"http:\/\/magontec.com\/wp-content\/uploads\/2017\/02\/0528signing_ceremony-300x150.jpg 300w, http:\/\/magontec.com\/wp-content\/uploads\/2017\/02\/0528signing_ceremony-120x60.jpg 120w, http:\/\/magontec.com\/wp-content\/uploads\/2017\/02\/0528signing_ceremony-360x180.jpg 360w, http:\/\/magontec.com\/wp-content\/uploads\/2017\/02\/0528signing_ceremony.jpg 440w\" sizes=\"auto, (max-width: 300px) 100vw, 300px\" \/><\/p>\n<p>&nbsp;<\/p>\n<p class=\"p1\"><em><span class=\"s1\">Abbildung oben: Der Vorstand und die Gesch\u00e4ftsf\u00fchrung von Magontec <\/span><span class=\"s1\">Limited zusammen mit den Gesch\u00e4ftsf\u00fchrern von <\/span><\/em><span class=\"s1\"><em>QSLM bei der Vertragsunterzeichnung im Jahr 2013.<\/em><br \/>\n<\/span><\/p>\n<p class=\"p1\"><span class=\"s1\">Die finanzielle Zusammenarbeit zwischen Magontec und QSLM wurde in diesem Rahmen ebenfalls vereinbart. QSLM h\u00e4lt aktuell 29% an der Magontec Limited und hat einen Sitz im Aufsichtsrat des Unternehmens. Die beiden Unternehmen unterhalten enge Beziehungen und arbeiteten bereits in der Aufbauphase 3 Jahre zusammen.<br \/>\n<\/span><\/p>\n<p class=\"p1\"><span class=\"s1\">Die Elektrolytische Schmelzanlage von QSLM ist ebenso in Golmund in der Provinz Qinghai angesiedelt. Die H\u00fctte hat eine Kapazit\u00e4t von 100.000 metrischen Tonnen und produziert Magnesium mit den geringsten CO2 Werten weltweit. Die Energie f\u00fcr den Komplex wird zu 75% aus Wasser und zu 9% aus Solar gewonnen und entstammt zudem der Windkraft und einer lokalen Wasserkraftanlage.<br \/>\n<\/span><\/p>\n<p>QSLM plant mit Unterst\u00fctzung der Provinzbeh\u00f6rde von <span class=\"s1\">Qinghai <\/span>und der nationalen Regierung in Peking, die Produktionskapazit\u00e4ten von Magnesium vom derzeitigen Stand von 150.000 mt\/p.a. auf 450.000 mt\/p.a. in Zukunft zu erh\u00f6hen.<\/p>\n<p>&nbsp;<\/p>\n","protected":false},"excerpt":{"rendered":"<p>2013 unterzeichnen Magontec Limited und Qinghai Salt Lake Magnesium Co. Ltd (QSLM) eine Reihe gemeinsamer Vereinbarungen. Damit verpflichtet sich Magontec zum Aufbau einer neuen Gie\u00dferei und QSLM zur Bereitstellung von 56.000 Jahrestonnen (mt\/p.a.) fl\u00fcssigem Reinmagnesium. Die Vereinbarungen zwischen Magontec und QSLM beinhalten eine Betreibervereinbarung f\u00fcr die Magnesiumgie\u00dferei, den Liefer- und den Mietvertrag. Die Vereinbarungen beschreiben [&hellip;]<\/p>\n","protected":false},"author":1,"featured_media":0,"parent":2969,"menu_order":50,"comment_status":"closed","ping_status":"closed","template":"casestudy-single-page.php","meta":{"_acf_changed":false,"footnotes":""},"class_list":["post-3806","page","type-page","status-publish","hentry"],"acf":[],"yoast_head":"<!-- This site is optimized with the Yoast SEO plugin v27.5 - https:\/\/yoast.com\/product\/yoast-seo-wordpress\/ -->\n<title>Magontec Limited und Qinghai Salt Lake Magnesium Co. Ltd (QSLM) - Magontec<\/title>\n<meta name=\"robots\" content=\"index, follow, max-snippet:-1, max-image-preview:large, max-video-preview:-1\" \/>\n<link rel=\"canonical\" href=\"http:\/\/magontec.com\/de\/case-studies\/qinghai-salt-lake-development\/\" \/>\n<meta property=\"og:locale\" content=\"de_DE\" \/>\n<meta property=\"og:type\" content=\"article\" \/>\n<meta property=\"og:title\" content=\"Magontec Limited und Qinghai Salt Lake Magnesium Co. Ltd (QSLM) - Magontec\" \/>\n<meta property=\"og:description\" content=\"2013 unterzeichnen Magontec Limited und Qinghai Salt Lake Magnesium Co. Ltd (QSLM) eine Reihe gemeinsamer Vereinbarungen. Damit verpflichtet sich Magontec zum Aufbau einer neuen Gie\u00dferei und QSLM zur Bereitstellung von 56.000 Jahrestonnen (mt\/p.a.) fl\u00fcssigem Reinmagnesium. Die Vereinbarungen zwischen Magontec und QSLM beinhalten eine Betreibervereinbarung f\u00fcr die Magnesiumgie\u00dferei, den Liefer- und den Mietvertrag. Die Vereinbarungen beschreiben [&hellip;]\" \/>\n<meta property=\"og:url\" content=\"http:\/\/magontec.com\/de\/case-studies\/qinghai-salt-lake-development\/\" \/>\n<meta property=\"og:site_name\" content=\"Magontec\" \/>\n<meta property=\"article:modified_time\" content=\"2017-03-24T09:38:37+00:00\" \/>\n<meta property=\"og:image\" content=\"http:\/\/magontec.devoim.com\/wp-content\/uploads\/2017\/02\/0528signing_ceremony-300x150.jpg\" \/>\n<meta name=\"twitter:card\" content=\"summary_large_image\" \/>\n<meta name=\"twitter:label1\" content=\"Est. reading time\" \/>\n\t<meta name=\"twitter:data1\" content=\"1 minute\" \/>\n<script type=\"application\/ld+json\" class=\"yoast-schema-graph\">{\"@context\":\"https:\\\/\\\/schema.org\",\"@graph\":[{\"@type\":\"WebPage\",\"@id\":\"http:\\\/\\\/magontec.com\\\/de\\\/case-studies\\\/qinghai-salt-lake-development\\\/\",\"url\":\"http:\\\/\\\/magontec.com\\\/de\\\/case-studies\\\/qinghai-salt-lake-development\\\/\",\"name\":\"Magontec Limited und Qinghai Salt Lake Magnesium Co. Ltd (QSLM) - Magontec\",\"isPartOf\":{\"@id\":\"http:\\\/\\\/magontec.com\\\/es\\\/#website\"},\"primaryImageOfPage\":{\"@id\":\"http:\\\/\\\/magontec.com\\\/de\\\/case-studies\\\/qinghai-salt-lake-development\\\/#primaryimage\"},\"image\":{\"@id\":\"http:\\\/\\\/magontec.com\\\/de\\\/case-studies\\\/qinghai-salt-lake-development\\\/#primaryimage\"},\"thumbnailUrl\":\"http:\\\/\\\/magontec.devoim.com\\\/wp-content\\\/uploads\\\/2017\\\/02\\\/0528signing_ceremony-300x150.jpg\",\"datePublished\":\"2017-02-20T09:38:09+00:00\",\"dateModified\":\"2017-03-24T09:38:37+00:00\",\"breadcrumb\":{\"@id\":\"http:\\\/\\\/magontec.com\\\/de\\\/case-studies\\\/qinghai-salt-lake-development\\\/#breadcrumb\"},\"inLanguage\":\"de-DE\",\"potentialAction\":[{\"@type\":\"ReadAction\",\"target\":[\"http:\\\/\\\/magontec.com\\\/de\\\/case-studies\\\/qinghai-salt-lake-development\\\/\"]}]},{\"@type\":\"ImageObject\",\"inLanguage\":\"de-DE\",\"@id\":\"http:\\\/\\\/magontec.com\\\/de\\\/case-studies\\\/qinghai-salt-lake-development\\\/#primaryimage\",\"url\":\"http:\\\/\\\/magontec.devoim.com\\\/wp-content\\\/uploads\\\/2017\\\/02\\\/0528signing_ceremony-300x150.jpg\",\"contentUrl\":\"http:\\\/\\\/magontec.devoim.com\\\/wp-content\\\/uploads\\\/2017\\\/02\\\/0528signing_ceremony-300x150.jpg\"},{\"@type\":\"BreadcrumbList\",\"@id\":\"http:\\\/\\\/magontec.com\\\/de\\\/case-studies\\\/qinghai-salt-lake-development\\\/#breadcrumb\",\"itemListElement\":[{\"@type\":\"ListItem\",\"position\":1,\"name\":\"Home\",\"item\":\"https:\\\/\\\/magontec.com\\\/de\\\/\"},{\"@type\":\"ListItem\",\"position\":2,\"name\":\"Anwendungsberichte\",\"item\":\"http:\\\/\\\/magontec.com\\\/de\\\/case-studies\\\/\"},{\"@type\":\"ListItem\",\"position\":3,\"name\":\"Magontec Limited und Qinghai Salt Lake Magnesium Co. Ltd (QSLM)\"}]},{\"@type\":\"WebSite\",\"@id\":\"http:\\\/\\\/magontec.com\\\/es\\\/#website\",\"url\":\"http:\\\/\\\/magontec.com\\\/es\\\/\",\"name\":\"Magontec\",\"description\":\"\",\"potentialAction\":[{\"@type\":\"SearchAction\",\"target\":{\"@type\":\"EntryPoint\",\"urlTemplate\":\"http:\\\/\\\/magontec.com\\\/es\\\/?s={search_term_string}\"},\"query-input\":{\"@type\":\"PropertyValueSpecification\",\"valueRequired\":true,\"valueName\":\"search_term_string\"}}],\"inLanguage\":\"de-DE\"}]}<\/script>\n<!-- \/ Yoast SEO plugin. -->","yoast_head_json":{"title":"Magontec Limited und Qinghai Salt Lake Magnesium Co. Ltd (QSLM) - Magontec","robots":{"index":"index","follow":"follow","max-snippet":"max-snippet:-1","max-image-preview":"max-image-preview:large","max-video-preview":"max-video-preview:-1"},"canonical":"http:\/\/magontec.com\/de\/case-studies\/qinghai-salt-lake-development\/","og_locale":"de_DE","og_type":"article","og_title":"Magontec Limited und Qinghai Salt Lake Magnesium Co. Ltd (QSLM) - Magontec","og_description":"2013 unterzeichnen Magontec Limited und Qinghai Salt Lake Magnesium Co. Ltd (QSLM) eine Reihe gemeinsamer Vereinbarungen. Damit verpflichtet sich Magontec zum Aufbau einer neuen Gie\u00dferei und QSLM zur Bereitstellung von 56.000 Jahrestonnen (mt\/p.a.) fl\u00fcssigem Reinmagnesium. Die Vereinbarungen zwischen Magontec und QSLM beinhalten eine Betreibervereinbarung f\u00fcr die Magnesiumgie\u00dferei, den Liefer- und den Mietvertrag. Die Vereinbarungen beschreiben [&hellip;]","og_url":"http:\/\/magontec.com\/de\/case-studies\/qinghai-salt-lake-development\/","og_site_name":"Magontec","article_modified_time":"2017-03-24T09:38:37+00:00","og_image":[{"url":"http:\/\/magontec.devoim.com\/wp-content\/uploads\/2017\/02\/0528signing_ceremony-300x150.jpg","type":"","width":"","height":""}],"twitter_card":"summary_large_image","twitter_misc":{"Est. reading time":"1 minute"},"schema":{"@context":"https:\/\/schema.org","@graph":[{"@type":"WebPage","@id":"http:\/\/magontec.com\/de\/case-studies\/qinghai-salt-lake-development\/","url":"http:\/\/magontec.com\/de\/case-studies\/qinghai-salt-lake-development\/","name":"Magontec Limited und Qinghai Salt Lake Magnesium Co. Ltd (QSLM) - Magontec","isPartOf":{"@id":"http:\/\/magontec.com\/es\/#website"},"primaryImageOfPage":{"@id":"http:\/\/magontec.com\/de\/case-studies\/qinghai-salt-lake-development\/#primaryimage"},"image":{"@id":"http:\/\/magontec.com\/de\/case-studies\/qinghai-salt-lake-development\/#primaryimage"},"thumbnailUrl":"http:\/\/magontec.devoim.com\/wp-content\/uploads\/2017\/02\/0528signing_ceremony-300x150.jpg","datePublished":"2017-02-20T09:38:09+00:00","dateModified":"2017-03-24T09:38:37+00:00","breadcrumb":{"@id":"http:\/\/magontec.com\/de\/case-studies\/qinghai-salt-lake-development\/#breadcrumb"},"inLanguage":"de-DE","potentialAction":[{"@type":"ReadAction","target":["http:\/\/magontec.com\/de\/case-studies\/qinghai-salt-lake-development\/"]}]},{"@type":"ImageObject","inLanguage":"de-DE","@id":"http:\/\/magontec.com\/de\/case-studies\/qinghai-salt-lake-development\/#primaryimage","url":"http:\/\/magontec.devoim.com\/wp-content\/uploads\/2017\/02\/0528signing_ceremony-300x150.jpg","contentUrl":"http:\/\/magontec.devoim.com\/wp-content\/uploads\/2017\/02\/0528signing_ceremony-300x150.jpg"},{"@type":"BreadcrumbList","@id":"http:\/\/magontec.com\/de\/case-studies\/qinghai-salt-lake-development\/#breadcrumb","itemListElement":[{"@type":"ListItem","position":1,"name":"Home","item":"https:\/\/magontec.com\/de\/"},{"@type":"ListItem","position":2,"name":"Anwendungsberichte","item":"http:\/\/magontec.com\/de\/case-studies\/"},{"@type":"ListItem","position":3,"name":"Magontec Limited und Qinghai Salt Lake Magnesium Co. Ltd (QSLM)"}]},{"@type":"WebSite","@id":"http:\/\/magontec.com\/es\/#website","url":"http:\/\/magontec.com\/es\/","name":"Magontec","description":"","potentialAction":[{"@type":"SearchAction","target":{"@type":"EntryPoint","urlTemplate":"http:\/\/magontec.com\/es\/?s={search_term_string}"},"query-input":{"@type":"PropertyValueSpecification","valueRequired":true,"valueName":"search_term_string"}}],"inLanguage":"de-DE"}]}},"_links":{"self":[{"href":"http:\/\/magontec.com\/de\/wp-json\/wp\/v2\/pages\/3806","targetHints":{"allow":["GET"]}}],"collection":[{"href":"http:\/\/magontec.com\/de\/wp-json\/wp\/v2\/pages"}],"about":[{"href":"http:\/\/magontec.com\/de\/wp-json\/wp\/v2\/types\/page"}],"author":[{"embeddable":true,"href":"http:\/\/magontec.com\/de\/wp-json\/wp\/v2\/users\/1"}],"replies":[{"embeddable":true,"href":"http:\/\/magontec.com\/de\/wp-json\/wp\/v2\/comments?post=3806"}],"version-history":[{"count":0,"href":"http:\/\/magontec.com\/de\/wp-json\/wp\/v2\/pages\/3806\/revisions"}],"up":[{"embeddable":true,"href":"http:\/\/magontec.com\/de\/wp-json\/wp\/v2\/pages\/2969"}],"wp:attachment":[{"href":"http:\/\/magontec.com\/de\/wp-json\/wp\/v2\/media?parent=3806"}],"curies":[{"name":"wp","href":"https:\/\/api.w.org\/{rel}","templated":true}]}}