{"id":3673,"date":"2017-01-04T13:46:16","date_gmt":"2017-01-04T13:46:16","guid":{"rendered":"http:\/\/magontec.devoim.com\/privacy-policy\/"},"modified":"2018-05-28T20:21:05","modified_gmt":"2018-05-28T10:21:05","slug":"privacy-policy","status":"publish","type":"page","link":"https:\/\/magontec.com\/de\/privacy-policy\/","title":{"rendered":"Datenschutzerkl\u00e4rung"},"content":{"rendered":"<p>Die Nutzung unserer Website ist in der Regel ohne Angabe personenbezogener Daten m\u00f6glich. Soweit auf unseren Seiten personenbezogene Daten (beispielsweise Name, Anschrift oder eMail-Adressen) erhoben werden, erfolgt dies, soweit m\u00f6glich, stets auf freiwilliger Basis. Diese Daten werden ohne Ihre ausdr\u00fcckliche Zustimmung nicht an Dritte weitergegeben. Wir weisen darauf hin, dass die Daten\u00fcbertragung im Internet (z.B. bei der Kommunikation per E-Mail) Sicherheitsl\u00fccken aufweisen kann. Ein l\u00fcckenloser Schutz der Daten vor dem Zugriff durch Dritte ist nicht m\u00f6glich. Der Nutzung von im Rahmen der Impressumspflicht ver\u00f6ffentlichten Kontaktdaten durch Dritte zur \u00dcbersendung von nicht ausdr\u00fccklich angeforderter Werbung und Informationsmaterialien wird hiermit ausdr\u00fccklich widersprochen. Die Betreiber der Seiten behalten sich ausdr\u00fccklich rechtliche Schritte im Falle der unverlangten Zusendung von Werbeinformationen, etwa durch Spam-Mails, vor.<\/p>\n<p>Webanalyse: Diese Website benutzt Google Analytics, einen Webanalysedienst der Google Inc. (\u201eGoogle\u201c). Google Analytics verwendet sog. \u201eCookies\u201c, Textdateien, die auf Ihrem Computer gespeichert werden und die eine Analyse der Benutzung der Website durch Sie erm\u00f6glichen. Die durch das Cookie erzeugten Informationen \u00fcber Ihre Benutzung dieser Website werden in der Regel an einen Server von Google in den USA \u00fcbertragen und dort gespeichert.<\/p>\n<p>Im Falle der Aktivierung der IP-Anonymisierung auf dieser Website, wird Ihre IP-Adresse von Google jedoch innerhalb von Mitgliedstaaten der Europ\u00e4ischen Union oder in anderen Vertragsstaaten des Abkommens \u00fcber den Europ\u00e4ischen Wirtschaftsraum zuvor gek\u00fcrzt. Nur in Ausnahmef\u00e4llen wird die volle IP-Adresse an einen Server von Google in den USA \u00fcbertragen und dort gek\u00fcrzt.<\/p>\n<p>Im Auftrag von Magontec wird Google diese Informationen benutzen, um Ihre Nutzung der Website auszuwerten, um Reports \u00fcber die Websiteaktivit\u00e4ten zusammenzustellen und um weitere mit der Websitenutzung und der Internetnutzung verbundene Dienstleistungen gegen\u00fcber dem Websitebetreiber zu erbringen. Die im Rahmen von Google Analytics von Ihrem Browser \u00fcbermittelte IP-Adresse wird nicht mit anderen Daten von Google zusammengef\u00fchrt.<\/p>\n<p>Sie k\u00f6nnen die Speicherung der Cookies durch eine entsprechende Einstellung Ihrer Browser-Software verhindern; wir weisen Sie jedoch darauf hin, dass Sie in diesem Fall gegebenenfalls nicht s\u00e4mtliche Funktionen dieser Website vollumf\u00e4nglich werden nutzen k\u00f6nnen.<\/p>\n<p>Sie k\u00f6nnen dar\u00fcber hinaus die Erfassung der durch das Cookie erzeugten und auf Ihre Nutzung der Website bezogenen Daten (inkl. Ihrer IP-Adresse) an Google sowie die Verarbeitung dieser Daten durch Google verhindern, indem Sie das unter dem folgenden Link (<a href=\"http:\/\/tools.google.com\/dlpage\/gaoptout?hl=de\">http:\/\/tools.google.com\/dlpage\/gaoptout?hl=de<\/a>) verf\u00fcgbare Browser-Plugin herunterladen und installieren.<\/p>\n<p>Wir weisen Sie darauf hin, dass auf dieser Website Google Analytics mit der Erweiterung &#8220;anonymizeIp&#8221; verwendet wird &#8211; somit k\u00f6nnen IP-Adressen nur gek\u00fcrzt weiterverarbeitet werden und eine direkte Personenbeziehbarkeit ist ausgeschlossen. Unter\u00a0<a href=\"http:\/\/www.google.com\/analytics\/terms\/de.html\">http:\/\/www.google.com\/analytics\/terms\/de.html<\/a> und <a href=\"https:\/\/www.google.de\/intl\/de\/policies\">https:\/\/www.google.de\/intl\/de\/policies<\/a>\u00a0finden Sie weitere Informationen zum Thema Nutzungsbedingungen und Datenschutz.<\/p>\n<p><strong>Verwendung von Twitter Plugins<\/strong><br \/>\nAuf unserer Website werden die Social Plugins (\u201ePlugins&#8221;) des Mikroblogging-Dienstes Twitter verwendet, der von der Twitter Inc., 1355 Market St, Suite 900, San Francisco, CA 94103, USA (\u201eTwitter&#8221;) betrieben wird. Eine \u00dcbersicht \u00fcber die Twitter Plugins und deren Aussehen finden Sie hier:\u00a0<a href=\"https:\/\/about.twitter.com\/en_us\/company\/brand-resources.html\"><strong>https:\/\/about.twitter.com\/en_us\/company\/brand-resources.html<\/strong><\/a>.<\/p>\n<p>Wenn Sie eine Seite unseres Webauftritts aufrufen, die ein solches Plugin enth\u00e4lt, stellt Ihr Browser eine direkte Verbindung zu den Servern von Twitter her. Der Inhalt des Plugins wird von Twitter direkt an Ihren Browser \u00fcbermittelt und in die Seite eingebunden. Durch die Einbindung erh\u00e4lt Twitter die Information, dass Ihr Browser die entsprechende Seite unseres Webauftritts aufgerufen hat, auch wenn Sie kein Profil bei Twitter besitzen oder gerade nicht bei Twitter eingeloggt sind. Diese Information (einschlie\u00dflich Ihrer IP-Adresse) wird von Ihrem Browser direkt an einen Server von Twitter in die USA \u00fcbermittelt und dort gespeichert.<\/p>\n<p>Sind Sie bei Twitter eingeloggt, kann Twitter den Besuch unserer Website Ihrem Twitter-Account unmittelbar zuordnen. Die Informationen werden au\u00dferdem auf Ihrem Twitter-Account ver\u00f6ffentlicht und dort Ihren Kontakten angezeigt. Wir weisen darauf hin, dass wir als Webseitenanbieter keine Kenntnis vom Inhalt der \u00fcbermittelten Daten sowie deren Nutzung durch Twitter erhalten. Zweck und Umfang der Datenerhebung und die weitere Verarbeitung und Nutzung der Daten durch Twitter sowie Ihre diesbez\u00fcglichen Rechte und Einstellungsm\u00f6glichkeiten zum Schutz Ihrer Privatsph\u00e4re entnehmen Sie bitte den Datenschutzhinweisen von Twitter: <a href=\"https:\/\/twitter.com\/privacy\"><strong>https:\/\/twitter.com\/privacy<\/strong><\/a>.<\/p>\n<p>Wenn Sie nicht m\u00f6chten, dass Twitter die \u00fcber unseren Webauftritt gesammelten Daten unmittelbar Ihrem Twitter-Account zuordnet, m\u00fcssen Sie sich vor Ihrem Besuch unserer Website bei Twitter ausloggen. Sie k\u00f6nnen das Laden der Twitter Plugins auch mit Add-Ons f\u00fcr Ihren Browser komplett verhindern, z. B. mit dem Skript-Blocker \u201eNoScript&#8221; (<a href=\"http:\/\/noscript.net\/\"><strong>http:\/\/noscript.net\/<\/strong><\/a>).<\/p>\n<p>Rechtsgrundlage f\u00fcr die Verarbeitung personenbezogener Daten unter Verwendung des Plugins ist Art. 6 Abs. 1 UAbs. 1 lit. b oder lit. f DS-GVO.<\/p>\n<p><strong>Verwendung von LinkedIn Plugins<\/strong><\/p>\n<p><strong>\u00a0<\/strong>Innerhalb unseres Onlineangebotes k\u00f6nnen Funktionen und Inhalte des Dienstes LinkedIn eingebunden sein, angeboten durch die LinkedIn Coperation, 2029 Stierlin Court, Mountain View, CA 94043 United States<\/p>\n<p>Hierzu k\u00f6nnen z. B. Inhalte wie Bilder, Videos oder Texte und Schaltfl\u00e4chen geh\u00f6ren, mit denen Nutzer Ihr Gefallen betreffend die Inhalte kundtun, den Verfassern der Inhalte oder unsere Beitr\u00e4ge abonnieren k\u00f6nnen. Sofern die Nutzer Mitglieder der Plattform LinkedIn sind, kann LinkedIn den Aufruf der o. g. Inhalte und Funktionen den dortigen Profilen der Nutzer zuordnen. Datenschutzerkl\u00e4rung von LinkedIn: <a href=\"https:\/\/www.linkedin.com\/legal\/privacy-policy\">https:\/\/www.linkedin.com\/legal\/privacy-policy<\/a>.<\/p>\n<p>Rechtsgrundlage f\u00fcr die Verarbeitung personenbezogener Daten unter Verwendung des Plugins ist Art. 6 Abs. 1 UAbs. 1 lit. b oder lit. f DS-GVO.<\/p>\n","protected":false},"excerpt":{"rendered":"<p>Die Nutzung unserer Website ist in der Regel ohne Angabe personenbezogener Daten m\u00f6glich. Soweit auf unseren Seiten personenbezogene Daten (beispielsweise Name, Anschrift oder eMail-Adressen) erhoben werden, erfolgt dies, soweit m\u00f6glich, stets auf freiwilliger Basis. Diese Daten werden ohne Ihre ausdr\u00fcckliche Zustimmung nicht an Dritte weitergegeben. Wir weisen darauf hin, dass die Daten\u00fcbertragung im Internet (z.B. [&hellip;]<\/p>\n","protected":false},"author":1,"featured_media":0,"parent":0,"menu_order":71,"comment_status":"closed","ping_status":"closed","template":"","meta":{"_acf_changed":false,"footnotes":""},"class_list":["post-3673","page","type-page","status-publish","hentry"],"acf":[],"yoast_head":"<!-- This site is optimized with the Yoast SEO plugin v27.3 - https:\/\/yoast.com\/product\/yoast-seo-wordpress\/ -->\n<title>Datenschutzerkl\u00e4rung - Magontec<\/title>\n<meta name=\"robots\" content=\"index, follow, max-snippet:-1, max-image-preview:large, max-video-preview:-1\" \/>\n<link rel=\"canonical\" href=\"http:\/\/magontec.com\/de\/privacy-policy\/\" \/>\n<meta property=\"og:locale\" content=\"de_DE\" \/>\n<meta property=\"og:type\" content=\"article\" \/>\n<meta property=\"og:title\" content=\"Datenschutzerkl\u00e4rung - Magontec\" \/>\n<meta property=\"og:description\" content=\"Die Nutzung unserer Website ist in der Regel ohne Angabe personenbezogener Daten m\u00f6glich. Soweit auf unseren Seiten personenbezogene Daten (beispielsweise Name, Anschrift oder eMail-Adressen) erhoben werden, erfolgt dies, soweit m\u00f6glich, stets auf freiwilliger Basis. Diese Daten werden ohne Ihre ausdr\u00fcckliche Zustimmung nicht an Dritte weitergegeben. Wir weisen darauf hin, dass die Daten\u00fcbertragung im Internet (z.B. [&hellip;]\" \/>\n<meta property=\"og:url\" content=\"http:\/\/magontec.com\/de\/privacy-policy\/\" \/>\n<meta property=\"og:site_name\" content=\"Magontec\" \/>\n<meta property=\"article:modified_time\" content=\"2018-05-28T10:21:05+00:00\" \/>\n<meta name=\"twitter:card\" content=\"summary_large_image\" \/>\n<meta name=\"twitter:label1\" content=\"Est. reading time\" \/>\n\t<meta name=\"twitter:data1\" content=\"4 minutes\" \/>\n<script type=\"application\/ld+json\" class=\"yoast-schema-graph\">{\"@context\":\"https:\\\/\\\/schema.org\",\"@graph\":[{\"@type\":\"WebPage\",\"@id\":\"http:\\\/\\\/magontec.com\\\/de\\\/privacy-policy\\\/\",\"url\":\"http:\\\/\\\/magontec.com\\\/de\\\/privacy-policy\\\/\",\"name\":\"Datenschutzerkl\u00e4rung - Magontec\",\"isPartOf\":{\"@id\":\"http:\\\/\\\/magontec.com\\\/#website\"},\"datePublished\":\"2017-01-04T13:46:16+00:00\",\"dateModified\":\"2018-05-28T10:21:05+00:00\",\"breadcrumb\":{\"@id\":\"http:\\\/\\\/magontec.com\\\/de\\\/privacy-policy\\\/#breadcrumb\"},\"inLanguage\":\"de-DE\",\"potentialAction\":[{\"@type\":\"ReadAction\",\"target\":[\"http:\\\/\\\/magontec.com\\\/de\\\/privacy-policy\\\/\"]}]},{\"@type\":\"BreadcrumbList\",\"@id\":\"http:\\\/\\\/magontec.com\\\/de\\\/privacy-policy\\\/#breadcrumb\",\"itemListElement\":[{\"@type\":\"ListItem\",\"position\":1,\"name\":\"Home\",\"item\":\"http:\\\/\\\/magontec.com\\\/de\\\/\"},{\"@type\":\"ListItem\",\"position\":2,\"name\":\"Datenschutzerkl\u00e4rung\"}]},{\"@type\":\"WebSite\",\"@id\":\"http:\\\/\\\/magontec.com\\\/#website\",\"url\":\"http:\\\/\\\/magontec.com\\\/\",\"name\":\"Magontec\",\"description\":\"\",\"potentialAction\":[{\"@type\":\"SearchAction\",\"target\":{\"@type\":\"EntryPoint\",\"urlTemplate\":\"http:\\\/\\\/magontec.com\\\/?s={search_term_string}\"},\"query-input\":{\"@type\":\"PropertyValueSpecification\",\"valueRequired\":true,\"valueName\":\"search_term_string\"}}],\"inLanguage\":\"de-DE\"}]}<\/script>\n<!-- \/ Yoast SEO plugin. -->","yoast_head_json":{"title":"Datenschutzerkl\u00e4rung - Magontec","robots":{"index":"index","follow":"follow","max-snippet":"max-snippet:-1","max-image-preview":"max-image-preview:large","max-video-preview":"max-video-preview:-1"},"canonical":"http:\/\/magontec.com\/de\/privacy-policy\/","og_locale":"de_DE","og_type":"article","og_title":"Datenschutzerkl\u00e4rung - Magontec","og_description":"Die Nutzung unserer Website ist in der Regel ohne Angabe personenbezogener Daten m\u00f6glich. Soweit auf unseren Seiten personenbezogene Daten (beispielsweise Name, Anschrift oder eMail-Adressen) erhoben werden, erfolgt dies, soweit m\u00f6glich, stets auf freiwilliger Basis. Diese Daten werden ohne Ihre ausdr\u00fcckliche Zustimmung nicht an Dritte weitergegeben. Wir weisen darauf hin, dass die Daten\u00fcbertragung im Internet (z.B. [&hellip;]","og_url":"http:\/\/magontec.com\/de\/privacy-policy\/","og_site_name":"Magontec","article_modified_time":"2018-05-28T10:21:05+00:00","twitter_card":"summary_large_image","twitter_misc":{"Est. reading time":"4 minutes"},"schema":{"@context":"https:\/\/schema.org","@graph":[{"@type":"WebPage","@id":"http:\/\/magontec.com\/de\/privacy-policy\/","url":"http:\/\/magontec.com\/de\/privacy-policy\/","name":"Datenschutzerkl\u00e4rung - Magontec","isPartOf":{"@id":"http:\/\/magontec.com\/#website"},"datePublished":"2017-01-04T13:46:16+00:00","dateModified":"2018-05-28T10:21:05+00:00","breadcrumb":{"@id":"http:\/\/magontec.com\/de\/privacy-policy\/#breadcrumb"},"inLanguage":"de-DE","potentialAction":[{"@type":"ReadAction","target":["http:\/\/magontec.com\/de\/privacy-policy\/"]}]},{"@type":"BreadcrumbList","@id":"http:\/\/magontec.com\/de\/privacy-policy\/#breadcrumb","itemListElement":[{"@type":"ListItem","position":1,"name":"Home","item":"http:\/\/magontec.com\/de\/"},{"@type":"ListItem","position":2,"name":"Datenschutzerkl\u00e4rung"}]},{"@type":"WebSite","@id":"http:\/\/magontec.com\/#website","url":"http:\/\/magontec.com\/","name":"Magontec","description":"","potentialAction":[{"@type":"SearchAction","target":{"@type":"EntryPoint","urlTemplate":"http:\/\/magontec.com\/?s={search_term_string}"},"query-input":{"@type":"PropertyValueSpecification","valueRequired":true,"valueName":"search_term_string"}}],"inLanguage":"de-DE"}]}},"_links":{"self":[{"href":"https:\/\/magontec.com\/de\/wp-json\/wp\/v2\/pages\/3673","targetHints":{"allow":["GET"]}}],"collection":[{"href":"https:\/\/magontec.com\/de\/wp-json\/wp\/v2\/pages"}],"about":[{"href":"https:\/\/magontec.com\/de\/wp-json\/wp\/v2\/types\/page"}],"author":[{"embeddable":true,"href":"https:\/\/magontec.com\/de\/wp-json\/wp\/v2\/users\/1"}],"replies":[{"embeddable":true,"href":"https:\/\/magontec.com\/de\/wp-json\/wp\/v2\/comments?post=3673"}],"version-history":[{"count":0,"href":"https:\/\/magontec.com\/de\/wp-json\/wp\/v2\/pages\/3673\/revisions"}],"wp:attachment":[{"href":"https:\/\/magontec.com\/de\/wp-json\/wp\/v2\/media?parent=3673"}],"curies":[{"name":"wp","href":"https:\/\/api.w.org\/{rel}","templated":true}]}}