{"id":3697,"date":"2017-01-04T13:43:47","date_gmt":"2017-01-04T13:43:47","guid":{"rendered":"http:\/\/magontec.devoim.com\/products-services\/recycling\/"},"modified":"2017-05-11T18:31:47","modified_gmt":"2017-05-11T08:31:47","slug":"recycling","status":"publish","type":"page","link":"https:\/\/magontec.com\/de\/products-services\/recycling\/","title":{"rendered":"Mg-Legierung &#038; Recycling"},"content":{"rendered":"<h3>Magnesiumlegierungen sind zu 100% wiederverwertbar. Schrotte aus dem Gie\u00dfen von Magnesium werden wieder vollst\u00e4ndig in den Materialkreislauf zur\u00fcckgef\u00fchrt. Magontec betreibt 3 Recyclingwerke in China, Deutschland und in Rum\u00e4nien.<\/h3>\n","protected":false},"excerpt":{"rendered":"<p>Magnesiumlegierungen sind zu 100% wiederverwertbar. Schrotte aus dem Gie\u00dfen von Magnesium werden wieder vollst\u00e4ndig in den Materialkreislauf zur\u00fcckgef\u00fchrt. Magontec betreibt 3 Recyclingwerke in China, Deutschland und in Rum\u00e4nien.<\/p>\n","protected":false},"author":1,"featured_media":4418,"parent":2975,"menu_order":157,"comment_status":"closed","ping_status":"closed","template":"product-page.php","meta":{"_acf_changed":false,"footnotes":""},"class_list":["post-3697","page","type-page","status-publish","has-post-thumbnail","hentry"],"acf":[],"yoast_head":"<!-- This site is optimized with the Yoast SEO plugin v27.3 - https:\/\/yoast.com\/product\/yoast-seo-wordpress\/ -->\n<title>Mg-Legierung &amp; Recycling - Magontec<\/title>\n<meta name=\"robots\" content=\"index, follow, max-snippet:-1, max-image-preview:large, max-video-preview:-1\" \/>\n<link rel=\"canonical\" href=\"http:\/\/magontec.com\/de\/products-services\/recycling\/\" \/>\n<meta property=\"og:locale\" content=\"de_DE\" \/>\n<meta property=\"og:type\" content=\"article\" \/>\n<meta property=\"og:title\" content=\"Mg-Legierung &amp; Recycling - Magontec\" \/>\n<meta property=\"og:description\" content=\"Magnesiumlegierungen sind zu 100% wiederverwertbar. Schrotte aus dem Gie\u00dfen von Magnesium werden wieder vollst\u00e4ndig in den Materialkreislauf zur\u00fcckgef\u00fchrt. Magontec betreibt 3 Recyclingwerke in China, Deutschland und in Rum\u00e4nien.\" \/>\n<meta property=\"og:url\" content=\"http:\/\/magontec.com\/de\/products-services\/recycling\/\" \/>\n<meta property=\"og:site_name\" content=\"Magontec\" \/>\n<meta property=\"article:modified_time\" content=\"2017-05-11T08:31:47+00:00\" \/>\n<meta property=\"og:image\" content=\"http:\/\/magontec.com\/wp-content\/uploads\/2017\/01\/Recycling3.jpg\" \/>\n\t<meta property=\"og:image:width\" content=\"750\" \/>\n\t<meta property=\"og:image:height\" content=\"1120\" \/>\n\t<meta property=\"og:image:type\" content=\"image\/jpeg\" \/>\n<meta name=\"twitter:card\" content=\"summary_large_image\" \/>\n<script type=\"application\/ld+json\" class=\"yoast-schema-graph\">{\"@context\":\"https:\\\/\\\/schema.org\",\"@graph\":[{\"@type\":\"WebPage\",\"@id\":\"http:\\\/\\\/magontec.com\\\/de\\\/products-services\\\/recycling\\\/\",\"url\":\"http:\\\/\\\/magontec.com\\\/de\\\/products-services\\\/recycling\\\/\",\"name\":\"Mg-Legierung & Recycling - Magontec\",\"isPartOf\":{\"@id\":\"http:\\\/\\\/magontec.com\\\/#website\"},\"primaryImageOfPage\":{\"@id\":\"http:\\\/\\\/magontec.com\\\/de\\\/products-services\\\/recycling\\\/#primaryimage\"},\"image\":{\"@id\":\"http:\\\/\\\/magontec.com\\\/de\\\/products-services\\\/recycling\\\/#primaryimage\"},\"thumbnailUrl\":\"https:\\\/\\\/magontec.com\\\/wp-content\\\/uploads\\\/2017\\\/01\\\/Recycling3.jpg\",\"datePublished\":\"2017-01-04T13:43:47+00:00\",\"dateModified\":\"2017-05-11T08:31:47+00:00\",\"breadcrumb\":{\"@id\":\"http:\\\/\\\/magontec.com\\\/de\\\/products-services\\\/recycling\\\/#breadcrumb\"},\"inLanguage\":\"de-DE\",\"potentialAction\":[{\"@type\":\"ReadAction\",\"target\":[\"http:\\\/\\\/magontec.com\\\/de\\\/products-services\\\/recycling\\\/\"]}]},{\"@type\":\"ImageObject\",\"inLanguage\":\"de-DE\",\"@id\":\"http:\\\/\\\/magontec.com\\\/de\\\/products-services\\\/recycling\\\/#primaryimage\",\"url\":\"https:\\\/\\\/magontec.com\\\/wp-content\\\/uploads\\\/2017\\\/01\\\/Recycling3.jpg\",\"contentUrl\":\"https:\\\/\\\/magontec.com\\\/wp-content\\\/uploads\\\/2017\\\/01\\\/Recycling3.jpg\",\"width\":750,\"height\":1120},{\"@type\":\"BreadcrumbList\",\"@id\":\"http:\\\/\\\/magontec.com\\\/de\\\/products-services\\\/recycling\\\/#breadcrumb\",\"itemListElement\":[{\"@type\":\"ListItem\",\"position\":1,\"name\":\"Home\",\"item\":\"http:\\\/\\\/magontec.com\\\/de\\\/\"},{\"@type\":\"ListItem\",\"position\":2,\"name\":\"Produkte und Services\",\"item\":\"http:\\\/\\\/magontec.com\\\/de\\\/products-services\\\/\"},{\"@type\":\"ListItem\",\"position\":3,\"name\":\"Mg-Legierung &#038; Recycling\"}]},{\"@type\":\"WebSite\",\"@id\":\"http:\\\/\\\/magontec.com\\\/#website\",\"url\":\"http:\\\/\\\/magontec.com\\\/\",\"name\":\"Magontec\",\"description\":\"\",\"potentialAction\":[{\"@type\":\"SearchAction\",\"target\":{\"@type\":\"EntryPoint\",\"urlTemplate\":\"http:\\\/\\\/magontec.com\\\/?s={search_term_string}\"},\"query-input\":{\"@type\":\"PropertyValueSpecification\",\"valueRequired\":true,\"valueName\":\"search_term_string\"}}],\"inLanguage\":\"de-DE\"}]}<\/script>\n<!-- \/ Yoast SEO plugin. -->","yoast_head_json":{"title":"Mg-Legierung & Recycling - Magontec","robots":{"index":"index","follow":"follow","max-snippet":"max-snippet:-1","max-image-preview":"max-image-preview:large","max-video-preview":"max-video-preview:-1"},"canonical":"http:\/\/magontec.com\/de\/products-services\/recycling\/","og_locale":"de_DE","og_type":"article","og_title":"Mg-Legierung & Recycling - Magontec","og_description":"Magnesiumlegierungen sind zu 100% wiederverwertbar. Schrotte aus dem Gie\u00dfen von Magnesium werden wieder vollst\u00e4ndig in den Materialkreislauf zur\u00fcckgef\u00fchrt. Magontec betreibt 3 Recyclingwerke in China, Deutschland und in Rum\u00e4nien.","og_url":"http:\/\/magontec.com\/de\/products-services\/recycling\/","og_site_name":"Magontec","article_modified_time":"2017-05-11T08:31:47+00:00","og_image":[{"width":750,"height":1120,"url":"http:\/\/magontec.com\/wp-content\/uploads\/2017\/01\/Recycling3.jpg","type":"image\/jpeg"}],"twitter_card":"summary_large_image","schema":{"@context":"https:\/\/schema.org","@graph":[{"@type":"WebPage","@id":"http:\/\/magontec.com\/de\/products-services\/recycling\/","url":"http:\/\/magontec.com\/de\/products-services\/recycling\/","name":"Mg-Legierung & Recycling - Magontec","isPartOf":{"@id":"http:\/\/magontec.com\/#website"},"primaryImageOfPage":{"@id":"http:\/\/magontec.com\/de\/products-services\/recycling\/#primaryimage"},"image":{"@id":"http:\/\/magontec.com\/de\/products-services\/recycling\/#primaryimage"},"thumbnailUrl":"https:\/\/magontec.com\/wp-content\/uploads\/2017\/01\/Recycling3.jpg","datePublished":"2017-01-04T13:43:47+00:00","dateModified":"2017-05-11T08:31:47+00:00","breadcrumb":{"@id":"http:\/\/magontec.com\/de\/products-services\/recycling\/#breadcrumb"},"inLanguage":"de-DE","potentialAction":[{"@type":"ReadAction","target":["http:\/\/magontec.com\/de\/products-services\/recycling\/"]}]},{"@type":"ImageObject","inLanguage":"de-DE","@id":"http:\/\/magontec.com\/de\/products-services\/recycling\/#primaryimage","url":"https:\/\/magontec.com\/wp-content\/uploads\/2017\/01\/Recycling3.jpg","contentUrl":"https:\/\/magontec.com\/wp-content\/uploads\/2017\/01\/Recycling3.jpg","width":750,"height":1120},{"@type":"BreadcrumbList","@id":"http:\/\/magontec.com\/de\/products-services\/recycling\/#breadcrumb","itemListElement":[{"@type":"ListItem","position":1,"name":"Home","item":"http:\/\/magontec.com\/de\/"},{"@type":"ListItem","position":2,"name":"Produkte und Services","item":"http:\/\/magontec.com\/de\/products-services\/"},{"@type":"ListItem","position":3,"name":"Mg-Legierung &#038; Recycling"}]},{"@type":"WebSite","@id":"http:\/\/magontec.com\/#website","url":"http:\/\/magontec.com\/","name":"Magontec","description":"","potentialAction":[{"@type":"SearchAction","target":{"@type":"EntryPoint","urlTemplate":"http:\/\/magontec.com\/?s={search_term_string}"},"query-input":{"@type":"PropertyValueSpecification","valueRequired":true,"valueName":"search_term_string"}}],"inLanguage":"de-DE"}]}},"_links":{"self":[{"href":"https:\/\/magontec.com\/de\/wp-json\/wp\/v2\/pages\/3697","targetHints":{"allow":["GET"]}}],"collection":[{"href":"https:\/\/magontec.com\/de\/wp-json\/wp\/v2\/pages"}],"about":[{"href":"https:\/\/magontec.com\/de\/wp-json\/wp\/v2\/types\/page"}],"author":[{"embeddable":true,"href":"https:\/\/magontec.com\/de\/wp-json\/wp\/v2\/users\/1"}],"replies":[{"embeddable":true,"href":"https:\/\/magontec.com\/de\/wp-json\/wp\/v2\/comments?post=3697"}],"version-history":[{"count":0,"href":"https:\/\/magontec.com\/de\/wp-json\/wp\/v2\/pages\/3697\/revisions"}],"up":[{"embeddable":true,"href":"https:\/\/magontec.com\/de\/wp-json\/wp\/v2\/pages\/2975"}],"wp:featuredmedia":[{"embeddable":true,"href":"https:\/\/magontec.com\/de\/wp-json\/wp\/v2\/media\/4418"}],"wp:attachment":[{"href":"https:\/\/magontec.com\/de\/wp-json\/wp\/v2\/media?parent=3697"}],"curies":[{"name":"wp","href":"https:\/\/api.w.org\/{rel}","templated":true}]}}