{"id":3702,"date":"2017-01-04T13:43:38","date_gmt":"2017-01-04T13:43:38","guid":{"rendered":"http:\/\/magontec.devoim.com\/products-services\/primary-mag-alloy\/"},"modified":"2017-05-11T18:58:46","modified_gmt":"2017-05-11T08:58:46","slug":"primary-mag-alloy","status":"publish","type":"page","link":"https:\/\/magontec.com\/de\/products-services\/primary-mag-alloy\/","title":{"rendered":"Prim\u00e4re Mg-Legierung"},"content":{"rendered":"<h3>China produziert die gr\u00f6\u00dften Mengen Prim\u00e4rmagnesiumlegierungen, die auf den Weltm\u00e4rkten gehandelt werden. Magontec beliefert als ein f\u00fchrender Exporteur und Hersteller von Standard- und Sonderlegierungen seine Kunden in Asien, Europa und in Amerika.<\/h3>\n","protected":false},"excerpt":{"rendered":"<p>China produziert die gr\u00f6\u00dften Mengen Prim\u00e4rmagnesiumlegierungen, die auf den Weltm\u00e4rkten gehandelt werden. Magontec beliefert als ein f\u00fchrender Exporteur und Hersteller von Standard- und Sonderlegierungen seine Kunden in Asien, Europa und in Amerika.<\/p>\n","protected":false},"author":1,"featured_media":4421,"parent":2975,"menu_order":150,"comment_status":"closed","ping_status":"closed","template":"product-page.php","meta":{"_acf_changed":false,"footnotes":""},"class_list":["post-3702","page","type-page","status-publish","has-post-thumbnail","hentry"],"acf":[],"yoast_head":"<!-- This site is optimized with the Yoast SEO plugin v27.5 - https:\/\/yoast.com\/product\/yoast-seo-wordpress\/ -->\n<title>Prim\u00e4re Mg-Legierung - Magontec<\/title>\n<meta name=\"robots\" content=\"index, follow, max-snippet:-1, max-image-preview:large, max-video-preview:-1\" \/>\n<link rel=\"canonical\" href=\"https:\/\/magontec.com\/de\/products-services\/primary-mag-alloy\/\" \/>\n<meta property=\"og:locale\" content=\"de_DE\" \/>\n<meta property=\"og:type\" content=\"article\" \/>\n<meta property=\"og:title\" content=\"Prim\u00e4re Mg-Legierung - Magontec\" \/>\n<meta property=\"og:description\" content=\"China produziert die gr\u00f6\u00dften Mengen Prim\u00e4rmagnesiumlegierungen, die auf den Weltm\u00e4rkten gehandelt werden. Magontec beliefert als ein f\u00fchrender Exporteur und Hersteller von Standard- und Sonderlegierungen seine Kunden in Asien, Europa und in Amerika.\" \/>\n<meta property=\"og:url\" content=\"https:\/\/magontec.com\/de\/products-services\/primary-mag-alloy\/\" \/>\n<meta property=\"og:site_name\" content=\"Magontec\" \/>\n<meta property=\"article:modified_time\" content=\"2017-05-11T08:58:46+00:00\" \/>\n<meta property=\"og:image\" content=\"https:\/\/magontec.com\/wp-content\/uploads\/2017\/01\/Primary-Mg-Alloy4.jpg\" \/>\n\t<meta property=\"og:image:width\" content=\"750\" \/>\n\t<meta property=\"og:image:height\" content=\"1120\" \/>\n\t<meta property=\"og:image:type\" content=\"image\/jpeg\" \/>\n<meta name=\"twitter:card\" content=\"summary_large_image\" \/>\n<script type=\"application\/ld+json\" class=\"yoast-schema-graph\">{\"@context\":\"https:\\\/\\\/schema.org\",\"@graph\":[{\"@type\":\"WebPage\",\"@id\":\"https:\\\/\\\/magontec.com\\\/de\\\/products-services\\\/primary-mag-alloy\\\/\",\"url\":\"https:\\\/\\\/magontec.com\\\/de\\\/products-services\\\/primary-mag-alloy\\\/\",\"name\":\"Prim\u00e4re Mg-Legierung - Magontec\",\"isPartOf\":{\"@id\":\"http:\\\/\\\/magontec.com\\\/es\\\/#website\"},\"primaryImageOfPage\":{\"@id\":\"https:\\\/\\\/magontec.com\\\/de\\\/products-services\\\/primary-mag-alloy\\\/#primaryimage\"},\"image\":{\"@id\":\"https:\\\/\\\/magontec.com\\\/de\\\/products-services\\\/primary-mag-alloy\\\/#primaryimage\"},\"thumbnailUrl\":\"https:\\\/\\\/magontec.com\\\/wp-content\\\/uploads\\\/2017\\\/01\\\/Primary-Mg-Alloy4.jpg\",\"datePublished\":\"2017-01-04T13:43:38+00:00\",\"dateModified\":\"2017-05-11T08:58:46+00:00\",\"breadcrumb\":{\"@id\":\"https:\\\/\\\/magontec.com\\\/de\\\/products-services\\\/primary-mag-alloy\\\/#breadcrumb\"},\"inLanguage\":\"de-DE\",\"potentialAction\":[{\"@type\":\"ReadAction\",\"target\":[\"https:\\\/\\\/magontec.com\\\/de\\\/products-services\\\/primary-mag-alloy\\\/\"]}]},{\"@type\":\"ImageObject\",\"inLanguage\":\"de-DE\",\"@id\":\"https:\\\/\\\/magontec.com\\\/de\\\/products-services\\\/primary-mag-alloy\\\/#primaryimage\",\"url\":\"https:\\\/\\\/magontec.com\\\/wp-content\\\/uploads\\\/2017\\\/01\\\/Primary-Mg-Alloy4.jpg\",\"contentUrl\":\"https:\\\/\\\/magontec.com\\\/wp-content\\\/uploads\\\/2017\\\/01\\\/Primary-Mg-Alloy4.jpg\",\"width\":750,\"height\":1120},{\"@type\":\"BreadcrumbList\",\"@id\":\"https:\\\/\\\/magontec.com\\\/de\\\/products-services\\\/primary-mag-alloy\\\/#breadcrumb\",\"itemListElement\":[{\"@type\":\"ListItem\",\"position\":1,\"name\":\"Home\",\"item\":\"https:\\\/\\\/magontec.com\\\/de\\\/\"},{\"@type\":\"ListItem\",\"position\":2,\"name\":\"Produkte und Services\",\"item\":\"https:\\\/\\\/magontec.com\\\/de\\\/products-services\\\/\"},{\"@type\":\"ListItem\",\"position\":3,\"name\":\"Prim\u00e4re Mg-Legierung\"}]},{\"@type\":\"WebSite\",\"@id\":\"http:\\\/\\\/magontec.com\\\/es\\\/#website\",\"url\":\"http:\\\/\\\/magontec.com\\\/es\\\/\",\"name\":\"Magontec\",\"description\":\"\",\"potentialAction\":[{\"@type\":\"SearchAction\",\"target\":{\"@type\":\"EntryPoint\",\"urlTemplate\":\"http:\\\/\\\/magontec.com\\\/es\\\/?s={search_term_string}\"},\"query-input\":{\"@type\":\"PropertyValueSpecification\",\"valueRequired\":true,\"valueName\":\"search_term_string\"}}],\"inLanguage\":\"de-DE\"}]}<\/script>\n<!-- \/ Yoast SEO plugin. -->","yoast_head_json":{"title":"Prim\u00e4re Mg-Legierung - Magontec","robots":{"index":"index","follow":"follow","max-snippet":"max-snippet:-1","max-image-preview":"max-image-preview:large","max-video-preview":"max-video-preview:-1"},"canonical":"https:\/\/magontec.com\/de\/products-services\/primary-mag-alloy\/","og_locale":"de_DE","og_type":"article","og_title":"Prim\u00e4re Mg-Legierung - Magontec","og_description":"China produziert die gr\u00f6\u00dften Mengen Prim\u00e4rmagnesiumlegierungen, die auf den Weltm\u00e4rkten gehandelt werden. Magontec beliefert als ein f\u00fchrender Exporteur und Hersteller von Standard- und Sonderlegierungen seine Kunden in Asien, Europa und in Amerika.","og_url":"https:\/\/magontec.com\/de\/products-services\/primary-mag-alloy\/","og_site_name":"Magontec","article_modified_time":"2017-05-11T08:58:46+00:00","og_image":[{"width":750,"height":1120,"url":"https:\/\/magontec.com\/wp-content\/uploads\/2017\/01\/Primary-Mg-Alloy4.jpg","type":"image\/jpeg"}],"twitter_card":"summary_large_image","schema":{"@context":"https:\/\/schema.org","@graph":[{"@type":"WebPage","@id":"https:\/\/magontec.com\/de\/products-services\/primary-mag-alloy\/","url":"https:\/\/magontec.com\/de\/products-services\/primary-mag-alloy\/","name":"Prim\u00e4re Mg-Legierung - Magontec","isPartOf":{"@id":"http:\/\/magontec.com\/es\/#website"},"primaryImageOfPage":{"@id":"https:\/\/magontec.com\/de\/products-services\/primary-mag-alloy\/#primaryimage"},"image":{"@id":"https:\/\/magontec.com\/de\/products-services\/primary-mag-alloy\/#primaryimage"},"thumbnailUrl":"https:\/\/magontec.com\/wp-content\/uploads\/2017\/01\/Primary-Mg-Alloy4.jpg","datePublished":"2017-01-04T13:43:38+00:00","dateModified":"2017-05-11T08:58:46+00:00","breadcrumb":{"@id":"https:\/\/magontec.com\/de\/products-services\/primary-mag-alloy\/#breadcrumb"},"inLanguage":"de-DE","potentialAction":[{"@type":"ReadAction","target":["https:\/\/magontec.com\/de\/products-services\/primary-mag-alloy\/"]}]},{"@type":"ImageObject","inLanguage":"de-DE","@id":"https:\/\/magontec.com\/de\/products-services\/primary-mag-alloy\/#primaryimage","url":"https:\/\/magontec.com\/wp-content\/uploads\/2017\/01\/Primary-Mg-Alloy4.jpg","contentUrl":"https:\/\/magontec.com\/wp-content\/uploads\/2017\/01\/Primary-Mg-Alloy4.jpg","width":750,"height":1120},{"@type":"BreadcrumbList","@id":"https:\/\/magontec.com\/de\/products-services\/primary-mag-alloy\/#breadcrumb","itemListElement":[{"@type":"ListItem","position":1,"name":"Home","item":"https:\/\/magontec.com\/de\/"},{"@type":"ListItem","position":2,"name":"Produkte und Services","item":"https:\/\/magontec.com\/de\/products-services\/"},{"@type":"ListItem","position":3,"name":"Prim\u00e4re Mg-Legierung"}]},{"@type":"WebSite","@id":"http:\/\/magontec.com\/es\/#website","url":"http:\/\/magontec.com\/es\/","name":"Magontec","description":"","potentialAction":[{"@type":"SearchAction","target":{"@type":"EntryPoint","urlTemplate":"http:\/\/magontec.com\/es\/?s={search_term_string}"},"query-input":{"@type":"PropertyValueSpecification","valueRequired":true,"valueName":"search_term_string"}}],"inLanguage":"de-DE"}]}},"_links":{"self":[{"href":"https:\/\/magontec.com\/de\/wp-json\/wp\/v2\/pages\/3702","targetHints":{"allow":["GET"]}}],"collection":[{"href":"https:\/\/magontec.com\/de\/wp-json\/wp\/v2\/pages"}],"about":[{"href":"https:\/\/magontec.com\/de\/wp-json\/wp\/v2\/types\/page"}],"author":[{"embeddable":true,"href":"https:\/\/magontec.com\/de\/wp-json\/wp\/v2\/users\/1"}],"replies":[{"embeddable":true,"href":"https:\/\/magontec.com\/de\/wp-json\/wp\/v2\/comments?post=3702"}],"version-history":[{"count":0,"href":"https:\/\/magontec.com\/de\/wp-json\/wp\/v2\/pages\/3702\/revisions"}],"up":[{"embeddable":true,"href":"https:\/\/magontec.com\/de\/wp-json\/wp\/v2\/pages\/2975"}],"wp:featuredmedia":[{"embeddable":true,"href":"https:\/\/magontec.com\/de\/wp-json\/wp\/v2\/media\/4421"}],"wp:attachment":[{"href":"https:\/\/magontec.com\/de\/wp-json\/wp\/v2\/media?parent=3702"}],"curies":[{"name":"wp","href":"https:\/\/api.w.org\/{rel}","templated":true}]}}