{"id":5983,"date":"2018-05-28T20:25:35","date_gmt":"2018-05-28T10:25:35","guid":{"rendered":"http:\/\/magontec.com\/imprint\/"},"modified":"2018-05-28T20:29:59","modified_gmt":"2018-05-28T10:29:59","slug":"imprint","status":"publish","type":"page","link":"https:\/\/magontec.com\/de\/imprint\/","title":{"rendered":"Impressum"},"content":{"rendered":"<p><strong>Anbieter<\/strong><\/p>\n<p>MAGONTEC Limited<\/p>\n<p>Corporate Head Office<br \/>\nSuite 1.03, 46A Macleay Street<br \/>\nPotts Point, Sydney NSW 2011<br \/>\nAUSTRALIA<\/p>\n<p><a href=\"tel:61280054109\">Tel: +61280054109<\/a> <a href=\"fax:61292528960\">Fax: +61292528960<\/a><\/p>\n<p>Mail: corporate@magontec.com<\/p>\n<p><strong>Vertreten durch den Vorstand<\/strong><\/p>\n<p>Nicolas Andrews (Vorsitzender\/CEO),<\/p>\n<p><strong>Rechtliche Hinweise<\/strong><\/p>\n<p>Rechtliche Hinweise zur Nutzung des Internetangebotes der Magontec Limited<\/p>\n<p><strong>Die Nutzung dieses Angebotes unterliegt den folgenden Bestimmungen, mit denen Sie sich durch Zugriff auf diese Webseiten einverstanden erkl\u00e4ren:<\/strong><\/p>\n<p><strong>Urheberrecht<\/strong><\/p>\n<p>Diese Webseiten dienen der Information \u00fcber Magontec Limited und ihrer Tochtergesellschaften sowie ihrer Produkte. Die Texte, Bilder, Grafiken und das Layout sowie die gesamte graphische Gestaltung dieser Seiten sind urheberrechtlich gesch\u00fctzt.<\/p>\n<p>S\u00e4mtlicher Inhalt der Seiten darf nicht zu kommerziellen Zwecken kopiert, verbreitet oder ver\u00e4ndert werden. Der Download sowie der Ausdruck von Texten, Bildern und graphischen Elementen ist nur zum pers\u00f6nlichen, privaten und nicht kommerziellen Gebrauch gestattet. Eine Vervielf\u00e4ltigung von Grafiken, Bildern, Tondokumenten, Videosequenzen und Texten in anderen elektronischen oder gedruckten Publikationen ist nur nach schriftlicher Zustimmung von Magontec Limited zul\u00e4ssig.<\/p>\n<p><strong>Markennennung<\/strong><\/p>\n<p>Wo nicht anders angegeben, sind alle auf den Internet-Seiten der Magontec Limited und Ihrer Tochtergesellschaften genannten Marken gesetzlich gesch\u00fctzte Warenzeichen und Wortmarken der Magontec Limited und deren Tochtergesellschaften, dies gilt insbesondere f\u00fcr Produktnamen sowie alle Logos und Embleme des Unternehmens.<\/p>\n<p><strong>Haftungsausschluss f\u00fcr Informationen<\/strong><\/p>\n<p>Die Inhalte dieser Webseiten dienen lediglich allgemeinen Informationszwecken. Auch wenn alle Angaben auf Ihre Richtigkeit und Vollst\u00e4ndigkeit gepr\u00fcft wurden, k\u00f6nnen diese trotzdem einmal Fehler oder Ungenauigkeiten enthalten. Die Magontec Limited \u00fcbernimmt deshalb hinsichtlich der Richtigkeit, Vollst\u00e4ndigkeit und Aktualit\u00e4t ihrer Webseiten keine Haftung f\u00fcr Sch\u00e4den materieller oder ideeller Art, die durch die Nutzung fehlerhafter oder unvollst\u00e4ndiger Informationen innerhalb dieses Internetangebotes entstehen.<\/p>\n<p>Die Magontec Limited \u00fcbernimmt au\u00dferdem keine Haftung f\u00fcr Serviceleistungen, wie den Download der zur Verf\u00fcgung gestellten Dateien auf den Internetseiten der Magontec Limited und Ihrer Tochtergesellschaften.<\/p>\n<p>Die Magontec Limited beh\u00e4lt sich ausdr\u00fccklich vor, Teile der Seiten oder das gesamte Angebot ohne gesonderte Ank\u00fcndigung zu ver\u00e4ndern, zu erg\u00e4nzen, zu l\u00f6schen oder die Ver\u00f6ffentlichung zeitweise oder endg\u00fcltig einzustellen.<\/p>\n<p><strong>Geltungsbereich<\/strong><\/p>\n<p>Dieses Impressum bezieht sich auf den Internetauftritt der Magontec Limited und ihrer Tochtergesellschaften unter <a href=\"http:\/\/www.magontec.com\">www.magontec.com<\/a>.<\/p>\n<p>\u00a9 2018 Magontec Limited, Sydney Alle Rechte vorbehalten.<\/p>\n<p>Stand: 03.05.2018<\/p>\n","protected":false},"excerpt":{"rendered":"<p>Anbieter MAGONTEC Limited Corporate Head Office Suite 1.03, 46A Macleay Street Potts Point, Sydney NSW 2011 AUSTRALIA Tel: +61280054109 Fax: +61292528960 Mail: corporate@magontec.com Vertreten durch den Vorstand Nicolas Andrews (Vorsitzender\/CEO), Rechtliche Hinweise Rechtliche Hinweise zur Nutzung des Internetangebotes der Magontec Limited Die Nutzung dieses Angebotes unterliegt den folgenden Bestimmungen, mit denen Sie sich durch Zugriff [&hellip;]<\/p>\n","protected":false},"author":1,"featured_media":0,"parent":0,"menu_order":1,"comment_status":"closed","ping_status":"closed","template":"","meta":{"_acf_changed":false,"footnotes":""},"class_list":["post-5983","page","type-page","status-publish","hentry"],"acf":[],"yoast_head":"<!-- This site is optimized with the Yoast SEO plugin v27.3 - https:\/\/yoast.com\/product\/yoast-seo-wordpress\/ -->\n<title>Impressum - Magontec<\/title>\n<meta name=\"robots\" content=\"index, follow, max-snippet:-1, max-image-preview:large, max-video-preview:-1\" \/>\n<link rel=\"canonical\" href=\"http:\/\/magontec.com\/de\/imprint\/\" \/>\n<meta property=\"og:locale\" content=\"de_DE\" \/>\n<meta property=\"og:type\" content=\"article\" \/>\n<meta property=\"og:title\" content=\"Impressum - Magontec\" \/>\n<meta property=\"og:description\" content=\"Anbieter MAGONTEC Limited Corporate Head Office Suite 1.03, 46A Macleay Street Potts Point, Sydney NSW 2011 AUSTRALIA Tel: +61280054109 Fax: +61292528960 Mail: corporate@magontec.com Vertreten durch den Vorstand Nicolas Andrews (Vorsitzender\/CEO), Rechtliche Hinweise Rechtliche Hinweise zur Nutzung des Internetangebotes der Magontec Limited Die Nutzung dieses Angebotes unterliegt den folgenden Bestimmungen, mit denen Sie sich durch Zugriff [&hellip;]\" \/>\n<meta property=\"og:url\" content=\"http:\/\/magontec.com\/de\/imprint\/\" \/>\n<meta property=\"og:site_name\" content=\"Magontec\" \/>\n<meta property=\"article:modified_time\" content=\"2018-05-28T10:29:59+00:00\" \/>\n<meta name=\"twitter:card\" content=\"summary_large_image\" \/>\n<meta name=\"twitter:label1\" content=\"Est. reading time\" \/>\n\t<meta name=\"twitter:data1\" content=\"2 minutes\" \/>\n<script type=\"application\/ld+json\" class=\"yoast-schema-graph\">{\"@context\":\"https:\\\/\\\/schema.org\",\"@graph\":[{\"@type\":\"WebPage\",\"@id\":\"http:\\\/\\\/magontec.com\\\/de\\\/imprint\\\/\",\"url\":\"http:\\\/\\\/magontec.com\\\/de\\\/imprint\\\/\",\"name\":\"Impressum - Magontec\",\"isPartOf\":{\"@id\":\"https:\\\/\\\/magontec.com\\\/zh-hans\\\/#website\"},\"datePublished\":\"2018-05-28T10:25:35+00:00\",\"dateModified\":\"2018-05-28T10:29:59+00:00\",\"breadcrumb\":{\"@id\":\"http:\\\/\\\/magontec.com\\\/de\\\/imprint\\\/#breadcrumb\"},\"inLanguage\":\"de-DE\",\"potentialAction\":[{\"@type\":\"ReadAction\",\"target\":[\"http:\\\/\\\/magontec.com\\\/de\\\/imprint\\\/\"]}]},{\"@type\":\"BreadcrumbList\",\"@id\":\"http:\\\/\\\/magontec.com\\\/de\\\/imprint\\\/#breadcrumb\",\"itemListElement\":[{\"@type\":\"ListItem\",\"position\":1,\"name\":\"Home\",\"item\":\"https:\\\/\\\/magontec.com\\\/de\\\/\"},{\"@type\":\"ListItem\",\"position\":2,\"name\":\"Impressum\"}]},{\"@type\":\"WebSite\",\"@id\":\"https:\\\/\\\/magontec.com\\\/zh-hans\\\/#website\",\"url\":\"https:\\\/\\\/magontec.com\\\/zh-hans\\\/\",\"name\":\"Magontec\",\"description\":\"\",\"potentialAction\":[{\"@type\":\"SearchAction\",\"target\":{\"@type\":\"EntryPoint\",\"urlTemplate\":\"https:\\\/\\\/magontec.com\\\/zh-hans\\\/?s={search_term_string}\"},\"query-input\":{\"@type\":\"PropertyValueSpecification\",\"valueRequired\":true,\"valueName\":\"search_term_string\"}}],\"inLanguage\":\"de-DE\"}]}<\/script>\n<!-- \/ Yoast SEO plugin. -->","yoast_head_json":{"title":"Impressum - Magontec","robots":{"index":"index","follow":"follow","max-snippet":"max-snippet:-1","max-image-preview":"max-image-preview:large","max-video-preview":"max-video-preview:-1"},"canonical":"http:\/\/magontec.com\/de\/imprint\/","og_locale":"de_DE","og_type":"article","og_title":"Impressum - Magontec","og_description":"Anbieter MAGONTEC Limited Corporate Head Office Suite 1.03, 46A Macleay Street Potts Point, Sydney NSW 2011 AUSTRALIA Tel: +61280054109 Fax: +61292528960 Mail: corporate@magontec.com Vertreten durch den Vorstand Nicolas Andrews (Vorsitzender\/CEO), Rechtliche Hinweise Rechtliche Hinweise zur Nutzung des Internetangebotes der Magontec Limited Die Nutzung dieses Angebotes unterliegt den folgenden Bestimmungen, mit denen Sie sich durch Zugriff [&hellip;]","og_url":"http:\/\/magontec.com\/de\/imprint\/","og_site_name":"Magontec","article_modified_time":"2018-05-28T10:29:59+00:00","twitter_card":"summary_large_image","twitter_misc":{"Est. reading time":"2 minutes"},"schema":{"@context":"https:\/\/schema.org","@graph":[{"@type":"WebPage","@id":"http:\/\/magontec.com\/de\/imprint\/","url":"http:\/\/magontec.com\/de\/imprint\/","name":"Impressum - Magontec","isPartOf":{"@id":"https:\/\/magontec.com\/zh-hans\/#website"},"datePublished":"2018-05-28T10:25:35+00:00","dateModified":"2018-05-28T10:29:59+00:00","breadcrumb":{"@id":"http:\/\/magontec.com\/de\/imprint\/#breadcrumb"},"inLanguage":"de-DE","potentialAction":[{"@type":"ReadAction","target":["http:\/\/magontec.com\/de\/imprint\/"]}]},{"@type":"BreadcrumbList","@id":"http:\/\/magontec.com\/de\/imprint\/#breadcrumb","itemListElement":[{"@type":"ListItem","position":1,"name":"Home","item":"https:\/\/magontec.com\/de\/"},{"@type":"ListItem","position":2,"name":"Impressum"}]},{"@type":"WebSite","@id":"https:\/\/magontec.com\/zh-hans\/#website","url":"https:\/\/magontec.com\/zh-hans\/","name":"Magontec","description":"","potentialAction":[{"@type":"SearchAction","target":{"@type":"EntryPoint","urlTemplate":"https:\/\/magontec.com\/zh-hans\/?s={search_term_string}"},"query-input":{"@type":"PropertyValueSpecification","valueRequired":true,"valueName":"search_term_string"}}],"inLanguage":"de-DE"}]}},"_links":{"self":[{"href":"https:\/\/magontec.com\/de\/wp-json\/wp\/v2\/pages\/5983","targetHints":{"allow":["GET"]}}],"collection":[{"href":"https:\/\/magontec.com\/de\/wp-json\/wp\/v2\/pages"}],"about":[{"href":"https:\/\/magontec.com\/de\/wp-json\/wp\/v2\/types\/page"}],"author":[{"embeddable":true,"href":"https:\/\/magontec.com\/de\/wp-json\/wp\/v2\/users\/1"}],"replies":[{"embeddable":true,"href":"https:\/\/magontec.com\/de\/wp-json\/wp\/v2\/comments?post=5983"}],"version-history":[{"count":0,"href":"https:\/\/magontec.com\/de\/wp-json\/wp\/v2\/pages\/5983\/revisions"}],"wp:attachment":[{"href":"https:\/\/magontec.com\/de\/wp-json\/wp\/v2\/media?parent=5983"}],"curies":[{"name":"wp","href":"https:\/\/api.w.org\/{rel}","templated":true}]}}